{"id":43,"date":"2022-09-04T20:08:19","date_gmt":"2022-09-04T18:08:19","guid":{"rendered":"https:\/\/hairgallery.pl\/?page_id=43"},"modified":"2022-09-04T20:08:19","modified_gmt":"2022-09-04T18:08:19","slug":"klauzula-informacyjna-hair-gallery","status":"publish","type":"page","link":"http:\/\/hairgallery.pl\/?page_id=43","title":{"rendered":"KLAUZULA INFORMACYJNA HAIR GALLERY&nbsp;"},"content":{"rendered":"\n<p><\/p>\n\n\n\n<p>Zgodnie z art. 13 ust. 1 i ust. 2 og\u00f3lnego rozporz\u0105dzenia o ochronie danych osobowych z dnia 27 kwietnia 2016 r. (RODO) informuj\u0119, i\u017c:<\/p>\n\n\n\n<p>1.Administratorem Pani\/Pana danych osobowych jest HAIR GALLERY AGNIESZKA NIEMCZY\u0143SKA z siedzib\u0105 w GDA\u0143SKU, UL. GROBLA I 13,&nbsp;<a href=\"https:\/\/web.archive.org\/web\/20210802222737\/mailto:kontakt@hairgalley.pl\">kontakt@hairgalley.pl<\/a><\/p>\n\n\n\n<p>2. Pani\/Pana dane osobowe przetwarzane b\u0119d\u0105 w celu rezerwacji termin\u00f3w oraz obs\u0142ugi klienta i kontaktowania si\u0119 z nim w celu obs\u0142ugi rezerwacji.<\/p>\n\n\n\n<p>3. Pani\/Pana dane osobowe b\u0119d\u0105 przechowywane do ew. odwo\u0142ania zgody, a po takim odwo\u0142aniu, przez czas wynikaj\u0105cy z obowi\u0105zuj\u0105cych przepis\u00f3w prawa lub do czasu przedawnienia roszcze\u0144.<\/p>\n\n\n\n<p>4. Posiada Pani\/Pan prawo dost\u0119pu do tre\u015bci swoich danych oraz prawo ich sprostowania, usuni\u0119cia, ograniczenia przetwarzania, prawo do przenoszenia danych, prawo wniesienia sprzeciwu, prawo do cofni\u0119cia zgody w dowolnym momencie bez wp\u0142ywu na zgodno\u015b\u0107 z prawem, kt\u00f3rego dokonano na podstawie zgody przed jej cofni\u0119ciem.<\/p>\n\n\n\n<p>5. Ma Pan\/Pani prawo wniesienia skargi do GIODO gdy uzna Pani\/Pan, i\u017c przetwarzanie danych osobowych Pani\/Pana dotycz\u0105cych narusza przepisy RODO.<\/p>\n\n\n\n<p>6. Podanie przez Pana\/Pani\u0105 danych osobowych jest wymogiem umowy \u015bwiadczenia us\u0142ug fryzjerskich w salonie Hair Gallery.<\/p>\n\n\n\n<p>7. Pani\/Pana dane b\u0119d\u0105 przetwarzane w spos\u00f3b zautomatyzowany przez stron\u0119 www.versum.pl<\/p>\n","protected":false},"excerpt":{"rendered":"<p>Zgodnie z art. 13 ust. 1 i ust. 2 og\u00f3lnego rozporz\u0105dzenia o ochronie danych osobowych z dnia 27 kwietnia 2016 r. (RODO) informuj\u0119, i\u017c: 1.Administratorem Pani\/Pana danych osobowych jest HAIR GALLERY AGNIESZKA NIEMCZY\u0143SKA z siedzib\u0105 w GDA\u0143SKU, UL. GROBLA I 13,&nbsp;kontakt@hairgalley.pl 2. Pani\/Pana dane osobowe przetwarzane b\u0119d\u0105 w celu rezerwacji termin\u00f3w oraz obs\u0142ugi klienta i<\/p>\n<p><a class=\"button\" href=\"http:\/\/hairgallery.pl\/?page_id=43\" title=\"More\">  Read More \u2192<\/a><\/p>\n","protected":false},"author":1,"featured_media":0,"parent":0,"menu_order":0,"comment_status":"closed","ping_status":"closed","template":"","meta":{"footnotes":""},"class_list":["post-43","page","type-page","status-publish","hentry"],"_links":{"self":[{"href":"http:\/\/hairgallery.pl\/index.php?rest_route=\/wp\/v2\/pages\/43","targetHints":{"allow":["GET"]}}],"collection":[{"href":"http:\/\/hairgallery.pl\/index.php?rest_route=\/wp\/v2\/pages"}],"about":[{"href":"http:\/\/hairgallery.pl\/index.php?rest_route=\/wp\/v2\/types\/page"}],"author":[{"embeddable":true,"href":"http:\/\/hairgallery.pl\/index.php?rest_route=\/wp\/v2\/users\/1"}],"replies":[{"embeddable":true,"href":"http:\/\/hairgallery.pl\/index.php?rest_route=%2Fwp%2Fv2%2Fcomments&post=43"}],"version-history":[{"count":1,"href":"http:\/\/hairgallery.pl\/index.php?rest_route=\/wp\/v2\/pages\/43\/revisions"}],"predecessor-version":[{"id":44,"href":"http:\/\/hairgallery.pl\/index.php?rest_route=\/wp\/v2\/pages\/43\/revisions\/44"}],"wp:attachment":[{"href":"http:\/\/hairgallery.pl\/index.php?rest_route=%2Fwp%2Fv2%2Fmedia&parent=43"}],"curies":[{"name":"wp","href":"https:\/\/api.w.org\/{rel}","templated":true}]}}